{"id":256,"date":"2017-08-13T07:20:00","date_gmt":"2017-08-13T07:20:00","guid":{"rendered":"http:\/\/demo.acmethemes.com\/medical-circle\/?page_id=94"},"modified":"2026-02-01T00:48:17","modified_gmt":"2026-02-01T00:48:17","slug":"how-to-book-for-appointment","status":"publish","type":"page","link":"https:\/\/activemotionklinikhospitalaps.com\/?page_id=256","title":{"rendered":"How to book for appointment?"},"content":{"rendered":"\t\t<div data-elementor-type=\"wp-page\" data-elementor-id=\"256\" class=\"elementor elementor-256\">\n\t\t\t\t<div class=\"elementor-element elementor-element-6e307577 e-flex e-con-boxed e-con e-parent\" data-id=\"6e307577\" data-element_type=\"container\" data-e-type=\"container\">\n\t\t\t\t\t<div class=\"e-con-inner\">\n\t\t\t\t<div class=\"elementor-element elementor-element-9957bce elementor-widget elementor-widget-text-editor\" data-id=\"9957bce\" data-element_type=\"widget\" data-e-type=\"widget\" data-widget_type=\"text-editor.default\">\n\t\t\t\t\t\t\t\t\t<div class=\"col-md-12 dmbs-main-full\"><h1 class=\"page-header\">Reserve time for your orthopaedic surgery<\/h1><\/div><div class=\"col-md-9 dmbs-main-\"><p class=\"subtitle\">Booking<\/p><p><img decoding=\"async\" class=\" wp-image-2323 alignright\" src=\"https:\/\/activemotion.se\/wp-content\/uploads\/BokaTidbw.png\" sizes=\"(max-width: 150px) 100vw, 150px\" srcset=\"https:\/\/activemotion.se\/wp-content\/uploads\/BokaTidbw.png 300w, https:\/\/activemotion.se\/wp-content\/uploads\/BokaTidbw-150x150.png 150w\" alt=\"QR Timebooking\" width=\"150\" height=\"150\" \/>Here you can easily book an appointment for your orthopaedic surgery.<br \/>Time for surgery, you book with your orthopaedic surgeon.<\/p><p><strong>If you live in Sweden:<\/strong><\/p><ul><li>Halmstad: In collaboration with Tudorkliniken. The activemotion ambulatory is housed in the same premises as the \u201cSpecialist moting\u201d at Brogatan 6. First and third Tuesday of the month.<\/li><li>Skummsl\u00f6vsstrand, Stora Strandv\u00e4gen 6. Second and fourth Tuesday of the month.<\/li><li>Malm\u00f6: Curaklinikens Specialist Motting. Erikslustv\u00e4gen 24, 217 73 Malm\u00f6. Mondays and Wednesdays.<\/li><\/ul><p>For examinations carried out in cooperation with the Landstingsanslut Prim\u00e4rV\u00e5rdcentral, ordinary prim\u00e4rtar tariff and free card apply.<br \/>Should it be relevant with surgery in Denmark, Switzerland or Portugal, this is paid by F\u00f6rs\u00e4kringskassan. You are responsible for travel expenses yourself.<\/p><p><strong>If you live in Denmark<\/strong><br \/>If you live in Denmark, you are of course also welcome to book an appointment as a self-payer, here you will be seen in our ambulatory Hellerup. You&#8217;re not covered by health insurance.<\/p><h1>\u2014\u2013#\u2014\u2014\u2014<\/h1><p><strong>Select the location of your survey.<\/strong><\/p><hr \/><p><strong>Svanem\u00f8llevej 77, 2900 Hellerup, Denmark:<\/strong><\/p><p><iframe src=\"https:\/\/www.google.com\/maps\/embed?pb=!1m14!1m8!1m3!1d35947.10754637007!2d12.573783999999998!3d55.72906599999999!3m2!1i1024!2i768!4f13.1!3m3!1m2!1s0x4652527d02d93c25%3A0x33214a938fd7b74a!2sACTIVEMOTION+Ortop%C3%A6disk+Kirurgi!5e0!3m2!1ssv!2sse!4v1415536335916\" width=\"850\" height=\"425\" frameborder=\"0\"><\/iframe><\/p><p><a href=\"https:\/\/activemotion.se\/booking\/\" target=\"_blank\" rel=\"noopener\">To view Activemotions ambulatorys in Sweden, click on this link.<\/a><\/p><div class=\"dmbs-comments\">\u00a0<\/div><\/div><div class=\"col-md-3 dmbs-right\"><aside id=\"text-7\" class=\"widget widget_text\"><h3>Contact<\/h3><div class=\"textwidget\"><p>Send email to <a href=\"mailto:info@activemotionklinikhospitalaps.com\">info@activemotionklinikhospitalaps.com<\/a><\/p><\/div><\/aside><\/div>\t\t\t\t\t\t\t\t<\/div>\n\t\t\t\t\t<\/div>\n\t\t\t\t<\/div>\n\t\t\t\t<\/div>\n\t\t\n    <div class=\"xs_social_share_widget xs_share_url after_content \t\tmain_content  wslu-style-1 wslu-share-box-shaped wslu-fill-colored wslu-none wslu-share-horizontal wslu-theme-font-no wslu-main_content\">\n\n\t\t\n        <ul>\n\t\t\t        <\/ul>\n    <\/div> \n","protected":false},"excerpt":{"rendered":"<p>Lorem ipsum dolor sit amet, ius persecuti dissentias ad, brute accusam rationibus sea id, falli graeci persequeris no quo. Pro ne justo torquatos. Ad per oblique partiendo quaerendum. Mel etiam maluisset te. Cu prompta tacimates suavitate mea, purto tation maluisset pro id. Meliore facilisi neglegentur sea in. Ad per partiendo expetendis. Sea elitr suavitate percipitur [&hellip;]<\/p>\n","protected":false},"author":1,"featured_media":0,"parent":0,"menu_order":0,"comment_status":"closed","ping_status":"closed","template":"","meta":{"postBodyCss":"","postBodyMargin":[],"postBodyPadding":[],"postBodyBackground":{"backgroundType":"classic","gradient":""},"footnotes":""},"class_list":["post-256","page","type-page","status-publish","hentry"],"_hostinger_reach_plugin_has_subscription_block":false,"_hostinger_reach_plugin_is_elementor":false,"_links":{"self":[{"href":"https:\/\/activemotionklinikhospitalaps.com\/index.php?rest_route=\/wp\/v2\/pages\/256","targetHints":{"allow":["GET"]}}],"collection":[{"href":"https:\/\/activemotionklinikhospitalaps.com\/index.php?rest_route=\/wp\/v2\/pages"}],"about":[{"href":"https:\/\/activemotionklinikhospitalaps.com\/index.php?rest_route=\/wp\/v2\/types\/page"}],"author":[{"embeddable":true,"href":"https:\/\/activemotionklinikhospitalaps.com\/index.php?rest_route=\/wp\/v2\/users\/1"}],"replies":[{"embeddable":true,"href":"https:\/\/activemotionklinikhospitalaps.com\/index.php?rest_route=%2Fwp%2Fv2%2Fcomments&post=256"}],"version-history":[{"count":11,"href":"https:\/\/activemotionklinikhospitalaps.com\/index.php?rest_route=\/wp\/v2\/pages\/256\/revisions"}],"predecessor-version":[{"id":494,"href":"https:\/\/activemotionklinikhospitalaps.com\/index.php?rest_route=\/wp\/v2\/pages\/256\/revisions\/494"}],"wp:attachment":[{"href":"https:\/\/activemotionklinikhospitalaps.com\/index.php?rest_route=%2Fwp%2Fv2%2Fmedia&parent=256"}],"curies":[{"name":"wp","href":"https:\/\/api.w.org\/{rel}","templated":true}]}}