{"id":292,"date":"2017-08-12T17:13:19","date_gmt":"2017-08-12T17:13:19","guid":{"rendered":"http:\/\/demo.acmethemes.com\/medical-circle\/?page_id=27"},"modified":"2026-02-01T00:48:18","modified_gmt":"2026-02-01T00:48:18","slug":"about-us","status":"publish","type":"page","link":"https:\/\/activemotionklinikhospitalaps.com\/?page_id=292","title":{"rendered":"About Us"},"content":{"rendered":"\t\t<div data-elementor-type=\"wp-page\" data-elementor-id=\"292\" class=\"elementor elementor-292\">\n\t\t\t\t<div class=\"elementor-element elementor-element-90e1f51 e-flex e-con-boxed e-con e-parent\" data-id=\"90e1f51\" data-element_type=\"container\" data-e-type=\"container\">\n\t\t\t\t\t<div class=\"e-con-inner\">\n\t\t\t\t<div class=\"elementor-element elementor-element-1c3ea2a3 elementor-widget elementor-widget-text-editor\" data-id=\"1c3ea2a3\" data-element_type=\"widget\" data-e-type=\"widget\" data-widget_type=\"text-editor.default\">\n\t\t\t\t\t\t\t\t\t<div class=\"container dmbs-container\"><div class=\"row dmbs-content\"><div class=\"col-md-12 dmbs-main-full\"><h1 class=\"page-header\">About Active Motion Orthopedic Surgery<\/h1><\/div><div class=\"col-md-9 dmbs-main-\"><p class=\"subtitle\">\u00a0<\/p><h3>Activemotion has grounded \u2013 and run by <a href=\"https:\/\/activemotion.se\/om-activemotion\/ole-steen-jorgensen\/\">Ole Steen J\u00f6rgensen.<\/a><\/h3><p><span class=\"fontstyle0\">Since 2014, ACTIVEMOTION has been involved in helping Swedish patients with orthopaedic surgery disorders for treatment in Denmark through the application of the Patient Directive EU 2011\/24\/EU on treatment outside the country\u2019s borders. <br \/>Implementation of the Patient Directive through administrative support and funding of patients according to their choice to use the Patient Directive is a key part of ACTIVEMOTION. <br \/>The private hospitals we cooperate with share our fundamental values around ensuring patients a fast and safe treatment at a high level of quality by putting the patient at the center of his or her own treatment and through continuity in the patient\u2019s course of achieving a high level of information and a high degree of security and simplification in the process.<\/span><\/p><p>At Activemotion, you are ensured that your disease is treated by the specialists who can best ensure you a good result.<\/p><p>\u00a0<\/p><p><span class=\"fontstyle0\">\u00a0<\/span><\/p><hr \/><p><a class=\"anchor-space\" name=\"klinik_1\"><\/a><\/p><p><strong>Ortoped in Halmstad, Tudorklinikens Specialist mottag, Brogatan 6, 302 42 Halmstad, Sweden Tel: +46 35 22 75 23:<\/strong><\/p><p><iframe src=\"https:\/\/www.google.com\/maps\/embed?pb=!1m18!1m12!1m3!1d2191.9856562807736!2d12.855828716139426!3d56.6744926279953!2m3!1f0!2f0!3f0!3m2!1i1024!2i768!4f13.1!3m3!1m2!1s0x4651a33b4f8c2aa9%3A0x1a9e274099922e92!2sActivemotion+Ortopedisk+Kirurgi!5e0!3m2!1sen!2sse!4v1508686852053\" width=\"850\" height=\"425\" frameborder=\"0\" allowfullscreen=\"allowfullscreen\"><\/iframe><\/p><hr \/><p><a class=\"anchor-space\" name=\"klinik_2\"><\/a><\/p><p><strong>Ortoped S\u00f6dra Halland, Tudorklinikens Alm\u00e4n moting, St.Strandv\u00e4gen 2, 312 72 Skummsel\u00f6vsstrand, Tel: +46 35 22 75 23:<\/strong><\/p><p><iframe src=\"https:\/\/www.google.com\/maps\/embed?pb=!1m18!1m12!1m3!1d2204.4017109316073!2d12.917064416133492!3d56.460840244627796!2m3!1f0!2f0!3f0!3m2!1i1024!2i768!4f13.1!3m3!1m2!1s0x46519ce55cda1fd9%3A0x7c744e8e0fe666!2sActivemotion+Ortopedisk+Kirurgi!5e0!3m2!1sen!2sse!4v1508687726312\" width=\"850\" height=\"425\" frameborder=\"0\" allowfullscreen=\"allowfullscreen\"><\/iframe><\/p><hr \/><p><a class=\"anchor-space\" name=\"klinik_3\"><\/a><\/p><p><strong>Ortoped Halland, Tudorklinikens Alm\u00e4n mottag, Axel Olsonsgatan 4B, 4th Weathening, 302 27 Halmstad, Sweden Tel: +46 35 22 75 23:<\/strong><\/p><p><iframe src=\"https:\/\/www.google.com\/maps\/embed?pb=!1m18!1m12!1m3!1d2191.9777342490133!2d12.860886516453746!3d56.67462878081006!2m3!1f0!2f0!3f0!3m2!1i1024!2i768!4f13.1!3m3!1m2!1s0x4651a33cc2e2dbbb%3A0x1c13c101d1158db3!2sTudorkliniken!5e0!3m2!1sda!2sdk!4v1463811687945\" width=\"850\" height=\"425\" frameborder=\"0\" allowfullscreen=\"allowfullscreen\"><\/iframe><\/p><hr \/><p><a class=\"anchor-space\" name=\"klinik_4\"><\/a><\/p><p><strong>Activemotion co-arbiter with IM-R\u00f6ntgen, L\u00e5ngatatan 32, 302 49 Halmstad, Sweden Tel: +46 35 13 44 40<\/strong><\/p><p><iframe src=\"https:\/\/www.google.com\/maps\/embed?pb=!1m18!1m12!1m3!1d2192.4277221148695!2d12.87786021645355!3d56.66689468080776!2m3!1f0!2f0!3f0!3m2!1i1024!2i768!4f13.1!3m3!1m2!1s0x4651a31b5d05746b%3A0x9c8f421a26a8fb34!2sIM+R%C3%B6ntgendiagnostik+i+Halmstad+AB!5e0!3m2!1sda!2sdk!4v1463812124802\" width=\"850\" height=\"425\" frameborder=\"0\" allowfullscreen=\"allowfullscreen\"><\/iframe><\/p><hr \/><p><a class=\"anchor-space\" name=\"klinik_5\"><\/a><\/p><p><strong>Activemotion Ortopedisk Surgery, Svanem\u00f8llevej 77, 2900 Hellerup, Denmark Tel +46 32 18 66 60:<\/strong><\/p><p><iframe src=\"https:\/\/www.google.com\/maps\/embed?pb=!1m14!1m8!1m3!1d35947.10754637007!2d12.573783999999998!3d55.72906599999999!3m2!1i1024!2i768!4f13.1!3m3!1m2!1s0x4652527d02d93c25%3A0x33214a938fd7b74a!2sACTIVEMOTION+Ortop%C3%A6disk+Kirurgi!5e0!3m2!1ssv!2sse!4v1415536335916\" width=\"850\" height=\"425\" frameborder=\"0\"><\/iframe><\/p><hr \/><p><a class=\"anchor-space\" name=\"klinik_6\"><\/a><\/p><p><strong>Ortoped in Malm\u00f6, Curarklinikens Specialist mottag, Erikslustv\u00e4gen 22, 217 73 Malm\u00f6, Tel: +46 770 79 18 16:<\/strong><\/p><p><iframe src=\"https:\/\/www.google.com\/maps\/embed?pb=!1m18!1m12!1m3!1d2681.0655282264615!2d12.963540424186311!3d55.5933392756774!2m3!1f0!2f0!3f0!3m2!1i1024!2i768!4f13.1!3m3!1m2!1s0x4653a6baaae4a7c3%3A0x8fd1a8ebd0591eed!2sCurakliniken%20AB!5e0!3m2!1sda!2sdk!4v1573486152427!5m2!1sda!2sdk\" width=\"850\" height=\"425\" frameborder=\"0\" allowfullscreen=\"allowfullscreen\"><\/iframe><\/p><div class=\"clear\">\u00a0<\/div><div class=\"dmbs-comments\"><a name=\"comments\"><\/a><\/div><\/div><div class=\"flag-widget\">\u00a0<\/div><div class=\"col-md-3 dmbs-right\"><aside id=\"text-7\" class=\"widget widget_text\"><h3>Contact<\/h3><div class=\"textwidget\"><p>Send email to <a href=\"mailto:info@activemotionklinikhospitalaps.com\">info@activemotionklinikhospitalaps.com<\/a><\/p><\/div><\/aside><\/div><\/div><div class=\"dmbs-footer\">\u00a0<\/div><\/div><section id=\"footer\" class=\"footer-section\"><div class=\"container footer-border text-center\"><div class=\"row\"><div class=\"col-md-12\"><p class=\"footer-addresse\">\u00a0<\/p><\/div><\/div><\/div><\/section>\t\t\t\t\t\t\t\t<\/div>\n\t\t\t\t\t<\/div>\n\t\t\t\t<\/div>\n\t\t\t\t<\/div>\n\t\t\n    <div class=\"xs_social_share_widget xs_share_url after_content \t\tmain_content  wslu-style-1 wslu-share-box-shaped wslu-fill-colored wslu-none wslu-share-horizontal wslu-theme-font-no wslu-main_content\">\n\n\t\t\n        <ul>\n\t\t\t        <\/ul>\n    <\/div> \n","protected":false},"excerpt":{"rendered":"<p>Lorem ipsum dolor sit amet, his no case primis accumsan, sit erant periculis et. In est dicta moderatius. No modus reque appareat cum, modo patrioque ad qui, eos diam quas eloquentiam ea. An per putent eirmod instructior, nulla iisque utroque pri ne, veniam scriptorem ne est. Insolens quaestio ut mel, mei erat singulis pericula ei, [&hellip;]<\/p>\n","protected":false},"author":1,"featured_media":0,"parent":0,"menu_order":0,"comment_status":"closed","ping_status":"closed","template":"","meta":{"postBodyCss":"","postBodyMargin":[],"postBodyPadding":[],"postBodyBackground":{"backgroundType":"classic","gradient":""},"footnotes":""},"class_list":["post-292","page","type-page","status-publish","hentry"],"_hostinger_reach_plugin_has_subscription_block":false,"_hostinger_reach_plugin_is_elementor":false,"_links":{"self":[{"href":"https:\/\/activemotionklinikhospitalaps.com\/index.php?rest_route=\/wp\/v2\/pages\/292","targetHints":{"allow":["GET"]}}],"collection":[{"href":"https:\/\/activemotionklinikhospitalaps.com\/index.php?rest_route=\/wp\/v2\/pages"}],"about":[{"href":"https:\/\/activemotionklinikhospitalaps.com\/index.php?rest_route=\/wp\/v2\/types\/page"}],"author":[{"embeddable":true,"href":"https:\/\/activemotionklinikhospitalaps.com\/index.php?rest_route=\/wp\/v2\/users\/1"}],"replies":[{"embeddable":true,"href":"https:\/\/activemotionklinikhospitalaps.com\/index.php?rest_route=%2Fwp%2Fv2%2Fcomments&post=292"}],"version-history":[{"count":5,"href":"https:\/\/activemotionklinikhospitalaps.com\/index.php?rest_route=\/wp\/v2\/pages\/292\/revisions"}],"predecessor-version":[{"id":527,"href":"https:\/\/activemotionklinikhospitalaps.com\/index.php?rest_route=\/wp\/v2\/pages\/292\/revisions\/527"}],"wp:attachment":[{"href":"https:\/\/activemotionklinikhospitalaps.com\/index.php?rest_route=%2Fwp%2Fv2%2Fmedia&parent=292"}],"curies":[{"name":"wp","href":"https:\/\/api.w.org\/{rel}","templated":true}]}}